{"id":5048,"date":"2022-03-10T12:45:37","date_gmt":"2022-03-10T18:45:37","guid":{"rendered":"https:\/\/weavefamily.org\/?page_id=5048"},"modified":"2022-03-10T13:10:09","modified_gmt":"2022-03-10T19:10:09","slug":"leaders","status":"publish","type":"page","link":"https:\/\/weavefamily.org\/pt\/leaders\/","title":{"rendered":"Updates for Family Mobilization Online Course"},"content":{"rendered":"<p>Sign up to receive updates for our Family Mobilization Online Course and become a Weave Leader.<\/p>\n\n\n<script type=\"text\/javascript\">var gform;gform||(document.addEventListener(\"gform_main_scripts_loaded\",function(){gform.scriptsLoaded=!0}),window.addEventListener(\"DOMContentLoaded\",function(){gform.domLoaded=!0}),gform={domLoaded:!1,scriptsLoaded:!1,initializeOnLoaded:function(o){gform.domLoaded&&gform.scriptsLoaded?o():!gform.domLoaded&&gform.scriptsLoaded?window.addEventListener(\"DOMContentLoaded\",o):document.addEventListener(\"gform_main_scripts_loaded\",o)},hooks:{action:{},filter:{}},addAction:function(o,n,r,t){gform.addHook(\"action\",o,n,r,t)},addFilter:function(o,n,r,t){gform.addHook(\"filter\",o,n,r,t)},doAction:function(o){gform.doHook(\"action\",o,arguments)},applyFilters:function(o){return gform.doHook(\"filter\",o,arguments)},removeAction:function(o,n){gform.removeHook(\"action\",o,n)},removeFilter:function(o,n,r){gform.removeHook(\"filter\",o,n,r)},addHook:function(o,n,r,t,i){null==gform.hooks[o][n]&&(gform.hooks[o][n]=[]);var e=gform.hooks[o][n];null==i&&(i=n+\"_\"+e.length),gform.hooks[o][n].push({tag:i,callable:r,priority:t=null==t?10:t})},doHook:function(n,o,r){var t;if(r=Array.prototype.slice.call(r,1),null!=gform.hooks[n][o]&&((o=gform.hooks[n][o]).sort(function(o,n){return o.priority-n.priority}),o.forEach(function(o){\"function\"!=typeof(t=o.callable)&&(t=window[t]),\"action\"==n?t.apply(null,r):r[0]=t.apply(null,r)})),\"filter\"==n)return r[0]},removeHook:function(o,n,t,i){var r;null!=gform.hooks[o][n]&&(r=(r=gform.hooks[o][n]).filter(function(o,n,r){return!!(null!=i&&i!=o.tag||null!=t&&t!=o.priority)}),gform.hooks[o][n]=r)}});<\/script>\n                <div class='gf_browser_gecko gform_wrapper gravity-theme' id='gform_wrapper_7' ><form method='post' enctype='multipart\/form-data'  id='gform_7'  action='\/pt\/wp-json\/wp\/v2\/pages\/5048' data-trp-original-action=\"\/pt\/wp-json\/wp\/v2\/pages\/5048\" >\n                        <div class='gform_body gform-body'><div id='gform_fields_7' class='gform_fields top_label form_sublabel_above description_below'><fieldset id=\"field_7_1\"  class=\"gfield gfield_contains_required field_sublabel_above field_description_above gfield_visibility_visible\"  data-js-reload=\"field_7_1\"><legend class='gfield_label gfield_label_before_complex'  >Nome<span class=\"gfield_required\"><span class=\"gfield_required gfield_required_text\">(Required)<\/span><\/span><\/legend><div class='ginput_complex ginput_container no_prefix has_first_name no_middle_name has_last_name no_suffix gf_name_has_2 ginput_container_name' id='input_7_1'>\n                            \n                            <span id='input_7_1_3_container' class='name_first' >\n                                                    <label for='input_7_1_3' >First<\/label>\n                                                    <input type='text' name='input_1.3' id='input_7_1_3' value=''   aria-required='true'     \/>\n                                                <\/span>\n                            \n                            <span id='input_7_1_6_container' class='name_last' >\n                                                            <label for='input_7_1_6' >Last<\/label>\n                                                            <input type='text' name='input_1.6' id='input_7_1_6' value=''   aria-required='true'     \/>\n                                                        <\/span>\n                            \n                        <\/div><\/fieldset><div id=\"field_7_2\"  class=\"gfield gfield--width-full gfield_contains_required field_sublabel_above field_description_below gfield_visibility_visible\"  data-js-reload=\"field_7_2\"><label class='gfield_label' for='input_7_2' >E-mail<span class=\"gfield_required\"><span class=\"gfield_required gfield_required_text\">(Required)<\/span><\/span><\/label><div class='ginput_container ginput_container_email'>\n                            <input name='input_2' id='input_7_2' type='text' value='' class='large'    aria-required=\"true\" aria-invalid=\"false\"  \/>\n                        <\/div><\/div><div id=\"field_7_3\"  class=\"gfield gfield--width-full gfield_contains_required field_sublabel_above field_description_above gfield_visibility_visible\"  data-js-reload=\"field_7_3\"><label class='gfield_label' for='input_7_3' >Pa\u00eds de Resid\u00eancia<span class=\"gfield_required\"><span class=\"gfield_required gfield_required_text\">(Required)<\/span><\/span><\/label><div class='gfield_description' id='gfield_description_7_3'>Qual \u00e9 seu pa\u00eds de resid\u00eancia?<\/div><div class='ginput_container ginput_container_select'><select name='input_3' id='input_7_3' class='large gfield_select'  aria-describedby=\"gfield_description_7_3\"  aria-required=\"true\" aria-invalid=\"false\" ><option value='1228' >United States<\/option><option value='1001' >Afghanistan<\/option><option value='1002' >Albania<\/option><option value='1003' >Algeria<\/option><option value='1004' >American Samoa<\/option><option value='1005' >Andorra<\/option><option value='1006' >Angola<\/option><option value='1007' >Anguilla<\/option><option value='1008' >Antarctica<\/option><option value='1009' >Antigua and Barbuda<\/option><option value='1010' >Argentina<\/option><option value='1011' >Armenia<\/option><option value='1012' >Aruba<\/option><option value='1013' >Australia<\/option><option value='1014' >Austria<\/option><option value='1015' >Azerbaijan<\/option><option value='1016' >Bahrain<\/option><option value='1017' >Bangladesh<\/option><option value='1018' >Barbados<\/option><option value='1019' >Belarus<\/option><option value='1020' >Belgium<\/option><option value='1021' >Belize<\/option><option value='1022' >Benin<\/option><option value='1023' >Bermuda<\/option><option value='1024' >Bhutan<\/option><option value='1025' >Bolivia<\/option><option value='1026' >Bosnia and Herzegovina<\/option><option value='1027' >Botswana<\/option><option value='1028' >Bouvet Island<\/option><option value='1029' >Brazil<\/option><option value='1030' >British Indian Ocean Territory<\/option><option value='1031' >Virgin Islands, British<\/option><option value='1032' >Brunei Darussalam<\/option><option value='1033' >Bulgaria<\/option><option value='1034' >Burkina Faso<\/option><option value='1035' >Myanmar<\/option><option value='1036' >Burundi<\/option><option value='1037' >Cambodia<\/option><option value='1038' >Cameroon<\/option><option value='1039' >Canada<\/option><option value='1040' >Cape Verde<\/option><option value='1041' >Cayman Islands<\/option><option value='1042' >Central African Republic<\/option><option value='1043' >Chad<\/option><option value='1044' >Chile<\/option><option value='1045' >China<\/option><option value='1046' >Christmas Island<\/option><option value='1047' >Cocos (Keeling) Islands<\/option><option value='1048' >Colombia<\/option><option value='1049' >Comoros<\/option><option value='1050' >Congo, The Democratic Republic of the<\/option><option value='1051' >Congo<\/option><option value='1052' >Cook Islands<\/option><option value='1053' >Costa Rica<\/option><option value='1054' >Cote d&#039;Ivoire<\/option><option value='1055' >Croatia<\/option><option value='1056' >Cuba<\/option><option value='1057' >Cyprus<\/option><option value='1058' >Czech Republic<\/option><option value='1059' >Denmark<\/option><option value='1060' >Djibouti<\/option><option value='1061' >Dominica<\/option><option value='1062' >Dominican Republic<\/option><option value='1063' >Timor-Leste<\/option><option value='1064' >Ecuador<\/option><option value='1065' >Egypt<\/option><option value='1066' >El Salvador<\/option><option value='1067' >Equatorial Guinea<\/option><option value='1068' >Eritrea<\/option><option value='1069' >Estonia<\/option><option value='1070' >Ethiopia<\/option><option value='1072' >Falkland Islands (Malvinas)<\/option><option value='1073' >Faroe Islands<\/option><option value='1074' >Fiji<\/option><option value='1075' >Finland<\/option><option value='1076' >France<\/option><option value='1077' >French Guiana<\/option><option value='1078' >French Polynesia<\/option><option value='1079' >French Southern Territories<\/option><option value='1080' >Gabon<\/option><option value='1081' >Georgia<\/option><option value='1082' >Germany<\/option><option value='1083' >Ghana<\/option><option value='1084' >Gibraltar<\/option><option value='1085' >Greece<\/option><option value='1086' >Greenland<\/option><option value='1087' >Grenada<\/option><option value='1088' >Guadeloupe<\/option><option value='1089' >Guam<\/option><option value='1090' >Guatemala<\/option><option value='1091' >Guinea<\/option><option value='1092' >Guinea-Bissau<\/option><option value='1093' >Guyana<\/option><option value='1094' >Haiti<\/option><option value='1095' >Heard Island and McDonald Islands<\/option><option value='1096' >Holy See (Vatican City State)<\/option><option value='1097' >Honduras<\/option><option value='1098' >Hong Kong<\/option><option value='1099' >Hungary<\/option><option value='1100' >Iceland<\/option><option value='1101' >India<\/option><option value='1102' >Indonesia<\/option><option value='1103' >Iran, Islamic Republic of<\/option><option value='1104' >Iraq<\/option><option value='1105' >Ireland<\/option><option value='1106' >Israel<\/option><option value='1107' >Italy<\/option><option value='1108' >Jamaica<\/option><option value='1109' >Japan<\/option><option value='1110' >Jordan<\/option><option value='1111' >Kazakhstan<\/option><option value='1112' >Kenya<\/option><option value='1113' >Kiribati<\/option><option value='1114' >Korea, Democratic People&#039;s Republic of<\/option><option value='1115' >Korea, Republic of<\/option><option value='1116' >Kuwait<\/option><option value='1117' >Kyrgyzstan<\/option><option value='1118' >Lao People&#039;s Democratic Republic<\/option><option value='1119' >Latvia<\/option><option value='1120' >Lebanon<\/option><option value='1121' >Lesotho<\/option><option value='1122' >Liberia<\/option><option value='1123' >Libyan Arab Jamahiriya<\/option><option value='1124' >Liechtenstein<\/option><option value='1125' >Lithuania<\/option><option value='1126' >Luxembourg<\/option><option value='1127' >Macao<\/option><option value='1128' >Macedonia, Republic of<\/option><option value='1129' >Madagascar<\/option><option value='1130' >Malawi<\/option><option value='1131' >Malaysia<\/option><option value='1132' >Maldives<\/option><option value='1133' >Mali<\/option><option value='1134' >Malta<\/option><option value='1135' >Marshall Islands<\/option><option value='1136' >Martinique<\/option><option value='1137' >Mauritania<\/option><option value='1138' >Mauritius<\/option><option value='1139' >Mayotte<\/option><option value='1140' >Mexico<\/option><option value='1141' >Micronesia, Federated States of<\/option><option value='1142' >Moldova<\/option><option value='1143' >Monaco<\/option><option value='1144' >Mongolia<\/option><option value='1145' >Montserrat<\/option><option value='1146' >Morocco<\/option><option value='1147' >Mozambique<\/option><option value='1148' >Namibia<\/option><option value='1149' >Nauru<\/option><option value='1150' >Nepal<\/option><option value='1152' >Netherlands<\/option><option value='1153' >New Caledonia<\/option><option value='1154' >New Zealand<\/option><option value='1155' >Nicaragua<\/option><option value='1156' >Niger<\/option><option value='1157' >Nigeria<\/option><option value='1158' >Niue<\/option><option value='1159' >Norfolk Island<\/option><option value='1160' >Northern Mariana Islands<\/option><option value='1161' >Norway<\/option><option value='1162' >Oman<\/option><option value='1163' >Pakistan<\/option><option value='1164' >Palau<\/option><option value='1165' >Palestinian Territory, Occupied<\/option><option value='1166' >Panama<\/option><option value='1167' >Papua New Guinea<\/option><option value='1168' >Paraguay<\/option><option value='1169' >Peru<\/option><option value='1170' >Philippines<\/option><option value='1171' >Pitcairn<\/option><option value='1172' >Poland<\/option><option value='1173' >Portugal<\/option><option value='1174' >Puerto Rico<\/option><option value='1175' >Qatar<\/option><option value='1176' >Romania<\/option><option value='1177' >Russian Federation<\/option><option value='1178' >Rwanda<\/option><option value='1179' >Reunion<\/option><option value='1180' >Saint Helena<\/option><option value='1181' >Saint Kitts and Nevis<\/option><option value='1182' >Saint Lucia<\/option><option value='1183' >Saint Pierre and Miquelon<\/option><option value='1184' >Saint Vincent and the Grenadines<\/option><option value='1185' >Samoa<\/option><option value='1186' >San Marino<\/option><option value='1187' >Saudi Arabia<\/option><option value='1188' >Senegal<\/option><option value='1189' >Seychelles<\/option><option value='1190' >Sierra Leone<\/option><option value='1191' >Singapore<\/option><option value='1192' >Slovakia<\/option><option value='1193' >Slovenia<\/option><option value='1194' >Solomon Islands<\/option><option value='1195' >Somalia<\/option><option value='1196' >South Africa<\/option><option value='1197' >South Georgia and the South Sandwich Islands<\/option><option value='1198' >Spain<\/option><option value='1199' >Sri Lanka<\/option><option value='1200' >Sudan<\/option><option value='1201' >Suriname<\/option><option value='1202' >Svalbard and Jan Mayen<\/option><option value='1203' >Swaziland<\/option><option value='1204' >Sweden<\/option><option value='1205' >Switzerland<\/option><option value='1206' >Syrian Arab Republic<\/option><option value='1207' >Sao Tome and Principe<\/option><option value='1208' >Taiwan<\/option><option value='1209' >Tajikistan<\/option><option value='1210' >Tanzania, United Republic of<\/option><option value='1211' >Thailand<\/option><option value='1212' >Bahamas<\/option><option value='1213' >Gambia<\/option><option value='1214' >Togo<\/option><option value='1215' >Tokelau<\/option><option value='1216' >Tonga<\/option><option value='1217' >Trinidad and Tobago<\/option><option value='1218' >Tunisia<\/option><option value='1219' >Turkey<\/option><option value='1220' >Turkmenistan<\/option><option value='1221' >Turks and Caicos Islands<\/option><option value='1222' >Tuvalu<\/option><option value='1223' >Uganda<\/option><option value='1224' >Ukraine<\/option><option value='1225' >United Arab Emirates<\/option><option value='1226' >United Kingdom<\/option><option value='1227' >United States Minor Outlying Islands<\/option><option value='1229' >Uruguay<\/option><option value='1230' >Uzbekistan<\/option><option value='1231' >Vanuatu<\/option><option value='1232' >Venezuela<\/option><option value='1233' >Viet Nam<\/option><option value='1234' >Virgin Islands, U.S.<\/option><option value='1235' >Wallis and Futuna<\/option><option value='1236' >Western Sahara<\/option><option value='1237' >Yemen<\/option><option value='1238' >Serbia and Montenegro<\/option><option value='1239' >Zambia<\/option><option value='1240' >Zimbabwe<\/option><option value='1241' >\u00c3\u2026land Islands<\/option><option value='1242' >Serbia<\/option><option value='1243' >Montenegro<\/option><option value='1244' >Jersey<\/option><option value='1245' >Guernsey<\/option><option value='1246' >Isle of Man<\/option><option value='1247' >South Sudan<\/option><option value='1248' >Curacao<\/option><option value='1249' >Sint Maarten (Dutch Part)<\/option><option value='1250' >Bonaire, Saint Eustatius and Saba<\/option><\/select><\/div><\/div><div id=\"field_7_4\"  class=\"gfield gfield--width-full gfield_contains_required field_sublabel_above field_description_below gfield_visibility_visible\"  data-js-reload=\"field_7_4\"><label class='gfield_label' for='input_7_4' >City<span class=\"gfield_required\"><span class=\"gfield_required gfield_required_text\">(Required)<\/span><\/span><\/label><div class='ginput_container ginput_container_text'><input name='input_4' id='input_7_4' type='text' value='' class='large'     aria-required=\"true\" aria-invalid=\"false\"   \/> <\/div><\/div><div id=\"field_7_5\"  class=\"gfield gfield--width-full gfield_contains_required field_sublabel_above field_description_above gfield_visibility_visible\"  data-js-reload=\"field_7_5\"><label class='gfield_label' for='input_7_5' >Igreja ou Organiza\u00e7\u00e3o<span class=\"gfield_required\"><span class=\"gfield_required gfield_required_text\">(Required)<\/span><\/span><\/label><div class='gfield_description' id='gfield_description_7_5'>Church or Organization where you primarily serve<\/div><div class='ginput_container ginput_container_text'><input name='input_5' id='input_7_5' type='text' value='' class='large'  aria-describedby=\"gfield_description_7_5\"   aria-required=\"true\" aria-invalid=\"false\"   \/> <\/div><\/div><div id=\"field_7_6\"  class=\"gfield gfield--width-full gfield_html gfield_html_formatted field_sublabel_above field_description_below gfield_visibility_visible\"  data-js-reload=\"field_7_6\">Ao enviar este formul\u00e1rio, voc\u00ea concorda em receber e-mails ocasionais da Weave. Voc\u00ea pode cancelar sua inscri\u00e7\u00e3o a qualquer momento.<\/div><div id=\"field_7_7\"  class=\"gfield gform_validation_container field_sublabel_above field_description_below gfield_visibility_visible\"  data-js-reload=\"field_7_7\"><label class='gfield_label' for='input_7_7' >Nome<\/label><div class='ginput_container'><input name='input_7' id='input_7_7' type='text' value='' \/><\/div><div class='gfield_description' id='gfield_description_7_7'>This field is for validation purposes and should be left unchanged.<\/div><\/div><\/div><\/div>\n        <div class='gform_footer top_label'> <input type='submit' id='gform_submit_button_7' class='gform_button button' value='Enviar'  onclick='if(window[\"gf_submitting_7\"]){return false;}  window[\"gf_submitting_7\"]=true;  ' onkeypress='if( event.keyCode == 13 ){ if(window[\"gf_submitting_7\"]){return false;} window[\"gf_submitting_7\"]=true;  jQuery(\"#gform_7\").trigger(\"submit\",[true]); }' \/> \n            <input type='hidden' class='gform_hidden' name='is_submit_7' value='1' \/>\n            <input type='hidden' class='gform_hidden' name='gform_submit' value='7' \/>\n            \n            <input type='hidden' class='gform_hidden' name='gform_unique_id' value='' \/>\n            <input type='hidden' class='gform_hidden' name='state_7' value='WyJbXSIsIjlhNWU4OGEyNWVhMTAyMDNmNDA2OWU0Nzc4NzA5ODg4Il0=' \/>\n            <input type='hidden' class='gform_hidden' name='gform_target_page_number_7' id='gform_target_page_number_7' value='0' \/>\n            <input type='hidden' class='gform_hidden' name='gform_source_page_number_7' id='gform_source_page_number_7' value='1' \/>\n            <input type='hidden' name='gform_field_values' value='' \/>\n            \n        <\/div>\n                        <p style=\"display: none !important;\" class=\"akismet-fields-container\" data-prefix=\"ak_\"><label>&#916;<textarea name=\"ak_hp_textarea\" cols=\"45\" rows=\"8\" maxlength=\"100\"><\/textarea><\/label><input type=\"hidden\" id=\"ak_js_1\" name=\"ak_js\" value=\"194\"\/><script>document.getElementById( \"ak_js_1\" ).setAttribute( \"value\", ( new Date() ).getTime() );<\/script><\/p><input type=\"hidden\" name=\"trp-form-language\" value=\"pt\"\/><\/form>\n                        <\/div>","protected":false},"excerpt":{"rendered":"<p>Sign up to receive updates for our Family Mobilization Online Course and become a Weave Leader.<\/p>","protected":false},"author":615,"featured_media":0,"parent":0,"menu_order":0,"comment_status":"closed","ping_status":"closed","template":"","meta":{"_monsterinsights_skip_tracking":false,"_monsterinsights_sitenote_active":false,"_monsterinsights_sitenote_note":"","_monsterinsights_sitenote_category":0,"footnotes":""},"class_list":["post-5048","page","type-page","status-publish","hentry"],"yoast_head":"<!-- This site is optimized with the Yoast SEO plugin v19.6.1 - https:\/\/yoast.com\/wordpress\/plugins\/seo\/ -->\n<title>Updates for Family Mobilization Online Course - Via Families<\/title>\n<meta name=\"robots\" content=\"index, follow, max-snippet:-1, max-image-preview:large, max-video-preview:-1\" \/>\n<link rel=\"canonical\" href=\"https:\/\/weavefamily.org\/pt\/leaders\/\" \/>\n<meta property=\"og:locale\" content=\"pt_BR\" \/>\n<meta property=\"og:type\" content=\"article\" \/>\n<meta property=\"og:title\" content=\"Updates for Family Mobilization Online Course - Via Families\" \/>\n<meta property=\"og:description\" content=\"Sign up to receive updates for our Family Mobilization Online Course and become a Weave Leader.\" \/>\n<meta property=\"og:url\" content=\"https:\/\/weavefamily.org\/pt\/leaders\/\" \/>\n<meta property=\"og:site_name\" content=\"Via Families\" \/>\n<meta property=\"article:publisher\" content=\"https:\/\/www.facebook.com\/weavefamily\" \/>\n<meta property=\"article:modified_time\" content=\"2022-03-10T19:10:09+00:00\" \/>\n<meta name=\"twitter:card\" content=\"summary\" \/>\n<meta name=\"twitter:site\" content=\"@WeaveFamily\" \/>\n<meta name=\"twitter:label1\" content=\"Est. reading time\" \/>\n\t<meta name=\"twitter:data1\" content=\"1 minute\" \/>\n<script type=\"application\/ld+json\" class=\"yoast-schema-graph\">{\"@context\":\"https:\/\/schema.org\",\"@graph\":[{\"@type\":\"WebPage\",\"@id\":\"https:\/\/weavefamily.org\/leaders\/\",\"url\":\"https:\/\/weavefamily.org\/leaders\/\",\"name\":\"Updates for Family Mobilization Online Course - Via Families\",\"isPartOf\":{\"@id\":\"https:\/\/weavefamily.org\/#website\"},\"datePublished\":\"2022-03-10T18:45:37+00:00\",\"dateModified\":\"2022-03-10T19:10:09+00:00\",\"breadcrumb\":{\"@id\":\"https:\/\/weavefamily.org\/leaders\/#breadcrumb\"},\"inLanguage\":\"pt-BR\",\"potentialAction\":[{\"@type\":\"ReadAction\",\"target\":[\"https:\/\/weavefamily.org\/leaders\/\"]}]},{\"@type\":\"BreadcrumbList\",\"@id\":\"https:\/\/weavefamily.org\/leaders\/#breadcrumb\",\"itemListElement\":[{\"@type\":\"ListItem\",\"position\":1,\"name\":\"Home\",\"item\":\"https:\/\/weavefamily.org\/\"},{\"@type\":\"ListItem\",\"position\":2,\"name\":\"Updates for Family Mobilization Online Course\"}]},{\"@type\":\"WebSite\",\"@id\":\"https:\/\/weavefamily.org\/#website\",\"url\":\"https:\/\/weavefamily.org\/\",\"name\":\"Via Families\",\"description\":\"Connecting families to the global story of God.\",\"publisher\":{\"@id\":\"https:\/\/weavefamily.org\/#organization\"},\"potentialAction\":[{\"@type\":\"SearchAction\",\"target\":{\"@type\":\"EntryPoint\",\"urlTemplate\":\"https:\/\/weavefamily.org\/?s={search_term_string}\"},\"query-input\":\"required name=search_term_string\"}],\"inLanguage\":\"pt-BR\"},{\"@type\":\"Organization\",\"@id\":\"https:\/\/weavefamily.org\/#organization\",\"name\":\"Center for Mission Mobilization\",\"url\":\"https:\/\/weavefamily.org\/\",\"sameAs\":[\"https:\/\/instagram.com\/weavefamily\/\",\"https:\/\/www.pinterest.com\/weavefamily\/\",\"https:\/\/www.facebook.com\/weavefamily\",\"https:\/\/twitter.com\/WeaveFamily\"],\"logo\":{\"@type\":\"ImageObject\",\"inLanguage\":\"pt-BR\",\"@id\":\"https:\/\/weavefamily.org\/#\/schema\/logo\/image\/\",\"url\":\"https:\/\/weavefamily.org\/wp-content\/uploads\/2015\/08\/CMM-Logo_woTag-FullColor-Small.jpg\",\"contentUrl\":\"https:\/\/weavefamily.org\/wp-content\/uploads\/2015\/08\/CMM-Logo_woTag-FullColor-Small.jpg\",\"width\":300,\"height\":89,\"caption\":\"Center for Mission Mobilization\"},\"image\":{\"@id\":\"https:\/\/weavefamily.org\/#\/schema\/logo\/image\/\"}}]}<\/script>\n<!-- \/ Yoast SEO plugin. -->","yoast_head_json":{"title":"Updates for Family Mobilization Online Course - Via Families","robots":{"index":"index","follow":"follow","max-snippet":"max-snippet:-1","max-image-preview":"max-image-preview:large","max-video-preview":"max-video-preview:-1"},"canonical":"https:\/\/weavefamily.org\/pt\/leaders\/","og_locale":"pt_BR","og_type":"article","og_title":"Updates for Family Mobilization Online Course - Via Families","og_description":"Sign up to receive updates for our Family Mobilization Online Course and become a Weave Leader.","og_url":"https:\/\/weavefamily.org\/pt\/leaders\/","og_site_name":"Via Families","article_publisher":"https:\/\/www.facebook.com\/weavefamily","article_modified_time":"2022-03-10T19:10:09+00:00","twitter_card":"summary","twitter_site":"@WeaveFamily","twitter_misc":{"Est. reading time":"1 minute"},"schema":{"@context":"https:\/\/schema.org","@graph":[{"@type":"WebPage","@id":"https:\/\/weavefamily.org\/leaders\/","url":"https:\/\/weavefamily.org\/leaders\/","name":"Updates for Family Mobilization Online Course - Via Families","isPartOf":{"@id":"https:\/\/weavefamily.org\/#website"},"datePublished":"2022-03-10T18:45:37+00:00","dateModified":"2022-03-10T19:10:09+00:00","breadcrumb":{"@id":"https:\/\/weavefamily.org\/leaders\/#breadcrumb"},"inLanguage":"pt-BR","potentialAction":[{"@type":"ReadAction","target":["https:\/\/weavefamily.org\/leaders\/"]}]},{"@type":"BreadcrumbList","@id":"https:\/\/weavefamily.org\/leaders\/#breadcrumb","itemListElement":[{"@type":"ListItem","position":1,"name":"Home","item":"https:\/\/weavefamily.org\/"},{"@type":"ListItem","position":2,"name":"Updates for Family Mobilization Online Course"}]},{"@type":"WebSite","@id":"https:\/\/weavefamily.org\/#website","url":"https:\/\/weavefamily.org\/","name":"Via Families","description":"Connecting families to the global story of God.","publisher":{"@id":"https:\/\/weavefamily.org\/#organization"},"potentialAction":[{"@type":"SearchAction","target":{"@type":"EntryPoint","urlTemplate":"https:\/\/weavefamily.org\/?s={search_term_string}"},"query-input":"required name=search_term_string"}],"inLanguage":"pt-BR"},{"@type":"Organization","@id":"https:\/\/weavefamily.org\/#organization","name":"Center for Mission Mobilization","url":"https:\/\/weavefamily.org\/","sameAs":["https:\/\/instagram.com\/weavefamily\/","https:\/\/www.pinterest.com\/weavefamily\/","https:\/\/www.facebook.com\/weavefamily","https:\/\/twitter.com\/WeaveFamily"],"logo":{"@type":"ImageObject","inLanguage":"pt-BR","@id":"https:\/\/weavefamily.org\/#\/schema\/logo\/image\/","url":"https:\/\/weavefamily.org\/wp-content\/uploads\/2015\/08\/CMM-Logo_woTag-FullColor-Small.jpg","contentUrl":"https:\/\/weavefamily.org\/wp-content\/uploads\/2015\/08\/CMM-Logo_woTag-FullColor-Small.jpg","width":300,"height":89,"caption":"Center for Mission Mobilization"},"image":{"@id":"https:\/\/weavefamily.org\/#\/schema\/logo\/image\/"}}]}},"_links":{"self":[{"href":"https:\/\/weavefamily.org\/pt\/wp-json\/wp\/v2\/pages\/5048","targetHints":{"allow":["GET"]}}],"collection":[{"href":"https:\/\/weavefamily.org\/pt\/wp-json\/wp\/v2\/pages"}],"about":[{"href":"https:\/\/weavefamily.org\/pt\/wp-json\/wp\/v2\/types\/page"}],"author":[{"embeddable":true,"href":"https:\/\/weavefamily.org\/pt\/wp-json\/wp\/v2\/users\/615"}],"replies":[{"embeddable":true,"href":"https:\/\/weavefamily.org\/pt\/wp-json\/wp\/v2\/comments?post=5048"}],"version-history":[{"count":0,"href":"https:\/\/weavefamily.org\/pt\/wp-json\/wp\/v2\/pages\/5048\/revisions"}],"wp:attachment":[{"href":"https:\/\/weavefamily.org\/pt\/wp-json\/wp\/v2\/media?parent=5048"}],"curies":[{"name":"wp","href":"https:\/\/api.w.org\/{rel}","templated":true}]}}