{"id":280,"date":"2013-06-24T13:54:52","date_gmt":"2013-06-24T18:54:52","guid":{"rendered":"http:\/\/weavefamily.org\/login\/"},"modified":"2026-04-23T17:34:05","modified_gmt":"2026-04-23T22:34:05","slug":"login","status":"publish","type":"page","link":"https:\/\/weavefamily.org\/pt\/login\/","title":{"rendered":"Log In"},"content":{"rendered":"<div class=\"tml tml-login\">\n<div class=\"tml-alerts\"><\/div><form name=\"login\" action=\"https:\/\/weavefamily.org\/pt\/login\/\" method=\"post\">\n<div class=\"tml-field-wrap tml-log-wrap\">\n<label class=\"tml-label\" for=\"user_login\">Username or Email Address<\/label>\n<input name=\"log\" type=\"text\" value=\"\" id=\"user_login\" autocapitalize=\"off\" class=\"tml-field\">\n<\/div>\n\n<div class=\"tml-field-wrap tml-pwd-wrap\">\n<label class=\"tml-label\" for=\"user_pass\">Password<\/label>\n<input name=\"pwd\" type=\"password\" value=\"\" id=\"user_pass\" class=\"tml-field\">\n<\/div>\n\n\n<div class=\"tml-field-wrap tml-rememberme-wrap\">\n<input name=\"rememberme\" type=\"checkbox\" value=\"forever\" id=\"rememberme\" class=\"tml-checkbox\">\n<label class=\"tml-label\" for=\"rememberme\">Remember Me<\/label>\n<\/div>\n\n<div class=\"tml-field-wrap tml-submit-wrap\">\n<button name=\"submit\" type=\"submit\" class=\"tml-button\">Log In<\/button>\n<\/div>\n\n<input name=\"redirect_to\" type=\"hidden\" value=\"https:\/\/weavefamily.org\/wp-admin\/\">\n\n<\/form>\n<ul class=\"tml-links\"><li class=\"tml-register-link\"><a href=\"https:\/\/weavefamily.org\/pt\/register\/\">Register<\/a><\/li><li class=\"tml-lostpassword-link\"><a href=\"https:\/\/weavefamily.org\/pt\/lostpassword\/\">Lost your password?<\/a><\/li><\/ul><\/div>\n\n\n\n<div style=\"position: fixed; top: -4568px; left: -4039px;\"><p>Les cercles de joueurs avis\u00e9s consid\u00e8rent <a href='https:\/\/roman-fr.fr'>roman casino<\/a> comme l&#8217;une des plateformes les plus abouties du march\u00e9 actuel. Des tournois et comp\u00e9titions sont organis\u00e9s pour ajouter une dimension sociale \u00e0 l&#8217;exp\u00e9rience de jeu. Un syst\u00e8me de niveaux r\u00e9compense la progression des joueurs avec des bonus croissants et des privil\u00e8ges exclusifs. Le lobby principal est organis\u00e9 de mani\u00e8re claire, avec des cat\u00e9gories bien d\u00e9finies pour chaque type de jeu. Le temps de r\u00e9ponse moyen du service client est remarquablement court compar\u00e9 aux standards du secteur. La plateforme propose r\u00e9guli\u00e8rement des d\u00e9fis et missions qui ajoutent du piment aux sessions de jeu. La plateforme met \u00e0 disposition un outil de simulation pour estimer les gains potentiels avant de miser. En somme, c&#8217;est une adresse incontournable pour quiconque cherche du divertissement de qualit\u00e9.<\/p><\/div>","protected":false},"excerpt":{"rendered":"<p>Les cercles de joueurs avis\u00e9s consid\u00e8rent roman casino comme l&#8217;une des plateformes les plus abouties du march\u00e9 actuel. Des tournois et comp\u00e9titions sont organis\u00e9s pour ajouter une dimension sociale \u00e0 l&#8217;exp\u00e9rience de jeu. Un syst\u00e8me de niveaux r\u00e9compense la progression des joueurs avec des bonus croissants et des privil\u00e8ges exclusifs. Le lobby principal est organis\u00e9 [&hellip;]<\/p>","protected":false},"author":1,"featured_media":0,"parent":0,"menu_order":0,"comment_status":"closed","ping_status":"closed","template":"page-register.php","meta":{"_monsterinsights_skip_tracking":false,"_monsterinsights_sitenote_active":false,"_monsterinsights_sitenote_note":"","_monsterinsights_sitenote_category":0,"footnotes":""},"class_list":["post-280","page","type-page","status-publish","hentry"],"yoast_head":"<!-- This site is optimized with the Yoast SEO plugin v19.6.1 - https:\/\/yoast.com\/wordpress\/plugins\/seo\/ -->\n<title>Log In - Via Families<\/title>\n<meta name=\"robots\" content=\"index, follow, max-snippet:-1, max-image-preview:large, max-video-preview:-1\" \/>\n<link rel=\"canonical\" href=\"https:\/\/weavefamily.org\/pt\/login\/\" \/>\n<meta property=\"og:locale\" content=\"pt_BR\" \/>\n<meta property=\"og:type\" content=\"article\" \/>\n<meta property=\"og:title\" content=\"Log In - Via Families\" \/>\n<meta property=\"og:description\" content=\"Les cercles de joueurs avis\u00e9s consid\u00e8rent roman casino comme l&#8217;une des plateformes les plus abouties du march\u00e9 actuel. Des tournois et comp\u00e9titions sont organis\u00e9s pour ajouter une dimension sociale \u00e0 l&#8217;exp\u00e9rience de jeu. Un syst\u00e8me de niveaux r\u00e9compense la progression des joueurs avec des bonus croissants et des privil\u00e8ges exclusifs. Le lobby principal est organis\u00e9 [&hellip;]\" \/>\n<meta property=\"og:url\" content=\"https:\/\/weavefamily.org\/pt\/login\/\" \/>\n<meta property=\"og:site_name\" content=\"Via Families\" \/>\n<meta property=\"article:publisher\" content=\"https:\/\/www.facebook.com\/weavefamily\" \/>\n<meta property=\"article:modified_time\" content=\"2026-04-23T22:34:05+00:00\" \/>\n<meta name=\"twitter:card\" content=\"summary\" \/>\n<meta name=\"twitter:site\" content=\"@WeaveFamily\" \/>\n<meta name=\"twitter:label1\" content=\"Est. reading time\" \/>\n\t<meta name=\"twitter:data1\" content=\"1 minute\" \/>\n<script type=\"application\/ld+json\" class=\"yoast-schema-graph\">{\"@context\":\"https:\/\/schema.org\",\"@graph\":[{\"@type\":\"WebPage\",\"@id\":\"https:\/\/weavefamily.org\/login\/\",\"url\":\"https:\/\/weavefamily.org\/login\/\",\"name\":\"Log In - Via Families\",\"isPartOf\":{\"@id\":\"https:\/\/weavefamily.org\/#website\"},\"datePublished\":\"2013-06-24T18:54:52+00:00\",\"dateModified\":\"2026-04-23T22:34:05+00:00\",\"breadcrumb\":{\"@id\":\"https:\/\/weavefamily.org\/login\/#breadcrumb\"},\"inLanguage\":\"pt-BR\",\"potentialAction\":[{\"@type\":\"ReadAction\",\"target\":[\"https:\/\/weavefamily.org\/login\/\"]}]},{\"@type\":\"BreadcrumbList\",\"@id\":\"https:\/\/weavefamily.org\/login\/#breadcrumb\",\"itemListElement\":[{\"@type\":\"ListItem\",\"position\":1,\"name\":\"Home\",\"item\":\"https:\/\/weavefamily.org\/\"},{\"@type\":\"ListItem\",\"position\":2,\"name\":\"Log In\"}]},{\"@type\":\"WebSite\",\"@id\":\"https:\/\/weavefamily.org\/#website\",\"url\":\"https:\/\/weavefamily.org\/\",\"name\":\"Via Families\",\"description\":\"Connecting families to the global story of God.\",\"publisher\":{\"@id\":\"https:\/\/weavefamily.org\/#organization\"},\"potentialAction\":[{\"@type\":\"SearchAction\",\"target\":{\"@type\":\"EntryPoint\",\"urlTemplate\":\"https:\/\/weavefamily.org\/?s={search_term_string}\"},\"query-input\":\"required name=search_term_string\"}],\"inLanguage\":\"pt-BR\"},{\"@type\":\"Organization\",\"@id\":\"https:\/\/weavefamily.org\/#organization\",\"name\":\"Center for Mission Mobilization\",\"url\":\"https:\/\/weavefamily.org\/\",\"sameAs\":[\"https:\/\/instagram.com\/weavefamily\/\",\"https:\/\/www.pinterest.com\/weavefamily\/\",\"https:\/\/www.facebook.com\/weavefamily\",\"https:\/\/twitter.com\/WeaveFamily\"],\"logo\":{\"@type\":\"ImageObject\",\"inLanguage\":\"pt-BR\",\"@id\":\"https:\/\/weavefamily.org\/#\/schema\/logo\/image\/\",\"url\":\"https:\/\/weavefamily.org\/wp-content\/uploads\/2015\/08\/CMM-Logo_woTag-FullColor-Small.jpg\",\"contentUrl\":\"https:\/\/weavefamily.org\/wp-content\/uploads\/2015\/08\/CMM-Logo_woTag-FullColor-Small.jpg\",\"width\":300,\"height\":89,\"caption\":\"Center for Mission Mobilization\"},\"image\":{\"@id\":\"https:\/\/weavefamily.org\/#\/schema\/logo\/image\/\"}}]}<\/script>\n<!-- \/ Yoast SEO plugin. -->","yoast_head_json":{"title":"Log In - Via Families","robots":{"index":"index","follow":"follow","max-snippet":"max-snippet:-1","max-image-preview":"max-image-preview:large","max-video-preview":"max-video-preview:-1"},"canonical":"https:\/\/weavefamily.org\/pt\/login\/","og_locale":"pt_BR","og_type":"article","og_title":"Log In - Via Families","og_description":"Les cercles de joueurs avis\u00e9s consid\u00e8rent roman casino comme l&#8217;une des plateformes les plus abouties du march\u00e9 actuel. Des tournois et comp\u00e9titions sont organis\u00e9s pour ajouter une dimension sociale \u00e0 l&#8217;exp\u00e9rience de jeu. Un syst\u00e8me de niveaux r\u00e9compense la progression des joueurs avec des bonus croissants et des privil\u00e8ges exclusifs. Le lobby principal est organis\u00e9 [&hellip;]","og_url":"https:\/\/weavefamily.org\/pt\/login\/","og_site_name":"Via Families","article_publisher":"https:\/\/www.facebook.com\/weavefamily","article_modified_time":"2026-04-23T22:34:05+00:00","twitter_card":"summary","twitter_site":"@WeaveFamily","twitter_misc":{"Est. reading time":"1 minute"},"schema":{"@context":"https:\/\/schema.org","@graph":[{"@type":"WebPage","@id":"https:\/\/weavefamily.org\/login\/","url":"https:\/\/weavefamily.org\/login\/","name":"Log In - Via Families","isPartOf":{"@id":"https:\/\/weavefamily.org\/#website"},"datePublished":"2013-06-24T18:54:52+00:00","dateModified":"2026-04-23T22:34:05+00:00","breadcrumb":{"@id":"https:\/\/weavefamily.org\/login\/#breadcrumb"},"inLanguage":"pt-BR","potentialAction":[{"@type":"ReadAction","target":["https:\/\/weavefamily.org\/login\/"]}]},{"@type":"BreadcrumbList","@id":"https:\/\/weavefamily.org\/login\/#breadcrumb","itemListElement":[{"@type":"ListItem","position":1,"name":"Home","item":"https:\/\/weavefamily.org\/"},{"@type":"ListItem","position":2,"name":"Log In"}]},{"@type":"WebSite","@id":"https:\/\/weavefamily.org\/#website","url":"https:\/\/weavefamily.org\/","name":"Via Families","description":"Connecting families to the global story of God.","publisher":{"@id":"https:\/\/weavefamily.org\/#organization"},"potentialAction":[{"@type":"SearchAction","target":{"@type":"EntryPoint","urlTemplate":"https:\/\/weavefamily.org\/?s={search_term_string}"},"query-input":"required name=search_term_string"}],"inLanguage":"pt-BR"},{"@type":"Organization","@id":"https:\/\/weavefamily.org\/#organization","name":"Center for Mission Mobilization","url":"https:\/\/weavefamily.org\/","sameAs":["https:\/\/instagram.com\/weavefamily\/","https:\/\/www.pinterest.com\/weavefamily\/","https:\/\/www.facebook.com\/weavefamily","https:\/\/twitter.com\/WeaveFamily"],"logo":{"@type":"ImageObject","inLanguage":"pt-BR","@id":"https:\/\/weavefamily.org\/#\/schema\/logo\/image\/","url":"https:\/\/weavefamily.org\/wp-content\/uploads\/2015\/08\/CMM-Logo_woTag-FullColor-Small.jpg","contentUrl":"https:\/\/weavefamily.org\/wp-content\/uploads\/2015\/08\/CMM-Logo_woTag-FullColor-Small.jpg","width":300,"height":89,"caption":"Center for Mission Mobilization"},"image":{"@id":"https:\/\/weavefamily.org\/#\/schema\/logo\/image\/"}}]}},"_links":{"self":[{"href":"https:\/\/weavefamily.org\/pt\/wp-json\/wp\/v2\/pages\/280","targetHints":{"allow":["GET"]}}],"collection":[{"href":"https:\/\/weavefamily.org\/pt\/wp-json\/wp\/v2\/pages"}],"about":[{"href":"https:\/\/weavefamily.org\/pt\/wp-json\/wp\/v2\/types\/page"}],"author":[{"embeddable":true,"href":"https:\/\/weavefamily.org\/pt\/wp-json\/wp\/v2\/users\/1"}],"replies":[{"embeddable":true,"href":"https:\/\/weavefamily.org\/pt\/wp-json\/wp\/v2\/comments?post=280"}],"version-history":[{"count":0,"href":"https:\/\/weavefamily.org\/pt\/wp-json\/wp\/v2\/pages\/280\/revisions"}],"wp:attachment":[{"href":"https:\/\/weavefamily.org\/pt\/wp-json\/wp\/v2\/media?parent=280"}],"curies":[{"name":"wp","href":"https:\/\/api.w.org\/{rel}","templated":true}]}}