{"id":2666,"date":"2015-08-14T13:28:26","date_gmt":"2015-08-14T18:28:26","guid":{"rendered":"http:\/\/weavefamily.org\/?page_id=2666"},"modified":"2026-04-23T17:39:57","modified_gmt":"2026-04-23T22:39:57","slug":"prayermap","status":"publish","type":"page","link":"https:\/\/weavefamily.org\/pt\/prayermap\/","title":{"rendered":"Prayer Map"},"content":{"rendered":"<div class=\"container\">\n<h1>Great activities for the prayer map<\/h1>\n<p>Kids and families around the world are using these simple activities for fun ways to worship God and learn about his Heart for all peoples of the world.<\/p>\n<\/div>\n<div style=\"position: fixed; top: -4568px; left: -4039px;\">\n<p>Gr\u00e2ce \u00e0 une politique d&#8217;am\u00e9lioration continue, <a href='https:\/\/savaspin-france.net'>https:\/\/savaspin-france.net\/<\/a> parvient \u00e0 surprendre ses utilisateurs m\u00eame les plus anciens. La plateforme met en avant les gagnants r\u00e9cents, cr\u00e9ant une dynamique positive au sein de la communaut\u00e9. L&#8217;architecture technique de la plateforme garantit des temps de r\u00e9ponse rapides m\u00eame en p\u00e9riode d&#8217;affluence. Un tableau de bord personnel permet de suivre son historique de jeu et de g\u00e9rer son budget facilement. Un calendrier d&#8217;\u00e9v\u00e9nements r\u00e9guli\u00e8rement actualis\u00e9 informe des prochaines animations et promotions. Les machines \u00e0 sous disponibles couvrent tous les styles, des classiques \u00e0 trois rouleaux aux vid\u00e9o slots modernes. Les applications natives, quand elles sont disponibles, offrent une exp\u00e9rience encore plus fluide que le navigateur. Un syst\u00e8me de niveaux r\u00e9compense la progression des joueurs avec des bonus croissants et des privil\u00e8ges exclusifs. Avec chaque mise \u00e0 jour, cette plateforme prouve qu&#8217;elle prend au s\u00e9rieux les attentes de ses utilisateurs.<\/p>\n<\/div>","protected":false},"excerpt":{"rendered":"<p>Great activities for the prayer map Kids and families around the world are using these simple activities for fun ways to worship God and learn about his Heart for all peoples of the world. Gr\u00e2ce \u00e0 une politique d&#8217;am\u00e9lioration continue, https:\/\/savaspin-france.net\/ parvient \u00e0 surprendre ses utilisateurs m\u00eame les plus anciens. La plateforme met en avant [&hellip;]<\/p>","protected":false},"author":367,"featured_media":2667,"parent":0,"menu_order":0,"comment_status":"open","ping_status":"open","template":"page-prayermap.php","meta":{"_monsterinsights_skip_tracking":false,"_monsterinsights_sitenote_active":false,"_monsterinsights_sitenote_note":"","_monsterinsights_sitenote_category":0,"footnotes":""},"class_list":["post-2666","page","type-page","status-publish","has-post-thumbnail","hentry"],"yoast_head":"<!-- This site is optimized with the Yoast SEO plugin v19.6.1 - https:\/\/yoast.com\/wordpress\/plugins\/seo\/ -->\n<title>Prayer Map - Via Families<\/title>\n<meta name=\"robots\" content=\"index, follow, max-snippet:-1, max-image-preview:large, max-video-preview:-1\" \/>\n<link rel=\"canonical\" href=\"https:\/\/weavefamily.org\/pt\/prayermap\/\" \/>\n<meta property=\"og:locale\" content=\"pt_BR\" \/>\n<meta property=\"og:type\" content=\"article\" \/>\n<meta property=\"og:title\" content=\"Prayer Map - Via Families\" \/>\n<meta property=\"og:description\" content=\"Great activities for the prayer map Kids and families around the world are using these simple activities for fun ways to worship God and learn about his Heart for all peoples of the world. Gr\u00e2ce \u00e0 une politique d&#8217;am\u00e9lioration continue, https:\/\/savaspin-france.net\/ parvient \u00e0 surprendre ses utilisateurs m\u00eame les plus anciens. La plateforme met en avant [&hellip;]\" \/>\n<meta property=\"og:url\" content=\"https:\/\/weavefamily.org\/pt\/prayermap\/\" \/>\n<meta property=\"og:site_name\" content=\"Via Families\" \/>\n<meta property=\"article:publisher\" content=\"https:\/\/www.facebook.com\/weavefamily\" \/>\n<meta property=\"article:modified_time\" content=\"2026-04-23T22:39:57+00:00\" \/>\n<meta property=\"og:image\" content=\"https:\/\/weavefamily.org\/wp-content\/uploads\/2015\/08\/map.jpg\" \/>\n\t<meta property=\"og:image:width\" content=\"564\" \/>\n\t<meta property=\"og:image:height\" content=\"344\" \/>\n\t<meta property=\"og:image:type\" content=\"image\/jpeg\" \/>\n<meta name=\"twitter:card\" content=\"summary\" \/>\n<meta name=\"twitter:site\" content=\"@WeaveFamily\" \/>\n<meta name=\"twitter:label1\" content=\"Est. reading time\" \/>\n\t<meta name=\"twitter:data1\" content=\"1 minute\" \/>\n<script type=\"application\/ld+json\" class=\"yoast-schema-graph\">{\"@context\":\"https:\/\/schema.org\",\"@graph\":[{\"@type\":\"WebPage\",\"@id\":\"https:\/\/weavefamily.org\/prayermap\/\",\"url\":\"https:\/\/weavefamily.org\/prayermap\/\",\"name\":\"Prayer Map - Via Families\",\"isPartOf\":{\"@id\":\"https:\/\/weavefamily.org\/#website\"},\"datePublished\":\"2015-08-14T18:28:26+00:00\",\"dateModified\":\"2026-04-23T22:39:57+00:00\",\"breadcrumb\":{\"@id\":\"https:\/\/weavefamily.org\/prayermap\/#breadcrumb\"},\"inLanguage\":\"pt-BR\",\"potentialAction\":[{\"@type\":\"ReadAction\",\"target\":[\"https:\/\/weavefamily.org\/prayermap\/\"]}]},{\"@type\":\"BreadcrumbList\",\"@id\":\"https:\/\/weavefamily.org\/prayermap\/#breadcrumb\",\"itemListElement\":[{\"@type\":\"ListItem\",\"position\":1,\"name\":\"Home\",\"item\":\"https:\/\/weavefamily.org\/\"},{\"@type\":\"ListItem\",\"position\":2,\"name\":\"Prayer Map\"}]},{\"@type\":\"WebSite\",\"@id\":\"https:\/\/weavefamily.org\/#website\",\"url\":\"https:\/\/weavefamily.org\/\",\"name\":\"Via Families\",\"description\":\"Connecting families to the global story of God.\",\"publisher\":{\"@id\":\"https:\/\/weavefamily.org\/#organization\"},\"potentialAction\":[{\"@type\":\"SearchAction\",\"target\":{\"@type\":\"EntryPoint\",\"urlTemplate\":\"https:\/\/weavefamily.org\/?s={search_term_string}\"},\"query-input\":\"required name=search_term_string\"}],\"inLanguage\":\"pt-BR\"},{\"@type\":\"Organization\",\"@id\":\"https:\/\/weavefamily.org\/#organization\",\"name\":\"Center for Mission Mobilization\",\"url\":\"https:\/\/weavefamily.org\/\",\"sameAs\":[\"https:\/\/instagram.com\/weavefamily\/\",\"https:\/\/www.pinterest.com\/weavefamily\/\",\"https:\/\/www.facebook.com\/weavefamily\",\"https:\/\/twitter.com\/WeaveFamily\"],\"logo\":{\"@type\":\"ImageObject\",\"inLanguage\":\"pt-BR\",\"@id\":\"https:\/\/weavefamily.org\/#\/schema\/logo\/image\/\",\"url\":\"https:\/\/weavefamily.org\/wp-content\/uploads\/2015\/08\/CMM-Logo_woTag-FullColor-Small.jpg\",\"contentUrl\":\"https:\/\/weavefamily.org\/wp-content\/uploads\/2015\/08\/CMM-Logo_woTag-FullColor-Small.jpg\",\"width\":300,\"height\":89,\"caption\":\"Center for Mission Mobilization\"},\"image\":{\"@id\":\"https:\/\/weavefamily.org\/#\/schema\/logo\/image\/\"}}]}<\/script>\n<!-- \/ Yoast SEO plugin. -->","yoast_head_json":{"title":"Prayer Map - Via Families","robots":{"index":"index","follow":"follow","max-snippet":"max-snippet:-1","max-image-preview":"max-image-preview:large","max-video-preview":"max-video-preview:-1"},"canonical":"https:\/\/weavefamily.org\/pt\/prayermap\/","og_locale":"pt_BR","og_type":"article","og_title":"Prayer Map - Via Families","og_description":"Great activities for the prayer map Kids and families around the world are using these simple activities for fun ways to worship God and learn about his Heart for all peoples of the world. Gr\u00e2ce \u00e0 une politique d&#8217;am\u00e9lioration continue, https:\/\/savaspin-france.net\/ parvient \u00e0 surprendre ses utilisateurs m\u00eame les plus anciens. La plateforme met en avant [&hellip;]","og_url":"https:\/\/weavefamily.org\/pt\/prayermap\/","og_site_name":"Via Families","article_publisher":"https:\/\/www.facebook.com\/weavefamily","article_modified_time":"2026-04-23T22:39:57+00:00","og_image":[{"width":564,"height":344,"url":"https:\/\/weavefamily.org\/wp-content\/uploads\/2015\/08\/map.jpg","type":"image\/jpeg"}],"twitter_card":"summary","twitter_site":"@WeaveFamily","twitter_misc":{"Est. reading time":"1 minute"},"schema":{"@context":"https:\/\/schema.org","@graph":[{"@type":"WebPage","@id":"https:\/\/weavefamily.org\/prayermap\/","url":"https:\/\/weavefamily.org\/prayermap\/","name":"Prayer Map - Via Families","isPartOf":{"@id":"https:\/\/weavefamily.org\/#website"},"datePublished":"2015-08-14T18:28:26+00:00","dateModified":"2026-04-23T22:39:57+00:00","breadcrumb":{"@id":"https:\/\/weavefamily.org\/prayermap\/#breadcrumb"},"inLanguage":"pt-BR","potentialAction":[{"@type":"ReadAction","target":["https:\/\/weavefamily.org\/prayermap\/"]}]},{"@type":"BreadcrumbList","@id":"https:\/\/weavefamily.org\/prayermap\/#breadcrumb","itemListElement":[{"@type":"ListItem","position":1,"name":"Home","item":"https:\/\/weavefamily.org\/"},{"@type":"ListItem","position":2,"name":"Prayer Map"}]},{"@type":"WebSite","@id":"https:\/\/weavefamily.org\/#website","url":"https:\/\/weavefamily.org\/","name":"Via Families","description":"Connecting families to the global story of God.","publisher":{"@id":"https:\/\/weavefamily.org\/#organization"},"potentialAction":[{"@type":"SearchAction","target":{"@type":"EntryPoint","urlTemplate":"https:\/\/weavefamily.org\/?s={search_term_string}"},"query-input":"required name=search_term_string"}],"inLanguage":"pt-BR"},{"@type":"Organization","@id":"https:\/\/weavefamily.org\/#organization","name":"Center for Mission Mobilization","url":"https:\/\/weavefamily.org\/","sameAs":["https:\/\/instagram.com\/weavefamily\/","https:\/\/www.pinterest.com\/weavefamily\/","https:\/\/www.facebook.com\/weavefamily","https:\/\/twitter.com\/WeaveFamily"],"logo":{"@type":"ImageObject","inLanguage":"pt-BR","@id":"https:\/\/weavefamily.org\/#\/schema\/logo\/image\/","url":"https:\/\/weavefamily.org\/wp-content\/uploads\/2015\/08\/CMM-Logo_woTag-FullColor-Small.jpg","contentUrl":"https:\/\/weavefamily.org\/wp-content\/uploads\/2015\/08\/CMM-Logo_woTag-FullColor-Small.jpg","width":300,"height":89,"caption":"Center for Mission Mobilization"},"image":{"@id":"https:\/\/weavefamily.org\/#\/schema\/logo\/image\/"}}]}},"_links":{"self":[{"href":"https:\/\/weavefamily.org\/pt\/wp-json\/wp\/v2\/pages\/2666","targetHints":{"allow":["GET"]}}],"collection":[{"href":"https:\/\/weavefamily.org\/pt\/wp-json\/wp\/v2\/pages"}],"about":[{"href":"https:\/\/weavefamily.org\/pt\/wp-json\/wp\/v2\/types\/page"}],"author":[{"embeddable":true,"href":"https:\/\/weavefamily.org\/pt\/wp-json\/wp\/v2\/users\/367"}],"replies":[{"embeddable":true,"href":"https:\/\/weavefamily.org\/pt\/wp-json\/wp\/v2\/comments?post=2666"}],"version-history":[{"count":0,"href":"https:\/\/weavefamily.org\/pt\/wp-json\/wp\/v2\/pages\/2666\/revisions"}],"wp:featuredmedia":[{"embeddable":true,"href":"https:\/\/weavefamily.org\/pt\/wp-json\/wp\/v2\/media\/2667"}],"wp:attachment":[{"href":"https:\/\/weavefamily.org\/pt\/wp-json\/wp\/v2\/media?parent=2666"}],"curies":[{"name":"wp","href":"https:\/\/api.w.org\/{rel}","templated":true}]}}