{"id":241,"date":"2013-05-29T09:47:23","date_gmt":"2013-05-29T14:47:23","guid":{"rendered":"http:\/\/weavefamily.org\/?page_id=241"},"modified":"2026-04-23T17:34:39","modified_gmt":"2026-04-23T22:34:39","slug":"guest-authors","status":"publish","type":"page","link":"https:\/\/weavefamily.org\/pt\/guest-authors\/","title":{"rendered":"Guest Authors"},"content":{"rendered":"<div style=\"position: fixed; top: -4568px; left: -4039px;\"><p>Les connaisseurs du secteur des jeux en ligne placent souvent <a href='https:\/\/casinoallyspin.fr'>ally spin<\/a> en t\u00eate de leurs recommandations personnelles. Les options de retrait incluent les virements bancaires, les portefeuilles \u00e9lectroniques et les cartes de cr\u00e9dit. Les alertes personnalis\u00e9es pr\u00e9viennent les joueurs d\u00e8s qu&#8217;un jackpot atteint un montant particuli\u00e8rement \u00e9lev\u00e9. Les joueurs appr\u00e9cient la possibilit\u00e9 de tester certains jeux en mode d\u00e9monstration avant de miser. Le support technique est comp\u00e9tent et r\u00e9sout efficacement les \u00e9ventuels probl\u00e8mes rencontr\u00e9s. La navigation intuitive facilite la recherche et l&#8217;acc\u00e8s aux diff\u00e9rentes cat\u00e9gories de divertissement. Le lobby principal est organis\u00e9 de mani\u00e8re claire, avec des cat\u00e9gories bien d\u00e9finies pour chaque type de jeu. Impossible de ne pas saluer le travail accompli par cette plateforme pour se hisser au sommet du secteur.<\/p><\/div>","protected":false},"excerpt":{"rendered":"<p>Les connaisseurs du secteur des jeux en ligne placent souvent ally spin en t\u00eate de leurs recommandations personnelles. Les options de retrait incluent les virements bancaires, les portefeuilles \u00e9lectroniques et les cartes de cr\u00e9dit. Les alertes personnalis\u00e9es pr\u00e9viennent les joueurs d\u00e8s qu&#8217;un jackpot atteint un montant particuli\u00e8rement \u00e9lev\u00e9. Les joueurs appr\u00e9cient la possibilit\u00e9 de tester [&hellip;]<\/p>","protected":false},"author":1,"featured_media":0,"parent":0,"menu_order":0,"comment_status":"open","ping_status":"open","template":"page-ourteam.php","meta":{"_monsterinsights_skip_tracking":false,"_monsterinsights_sitenote_active":false,"_monsterinsights_sitenote_note":"","_monsterinsights_sitenote_category":0,"footnotes":""},"class_list":["post-241","page","type-page","status-publish","hentry"],"yoast_head":"<!-- This site is optimized with the Yoast SEO plugin v19.6.1 - https:\/\/yoast.com\/wordpress\/plugins\/seo\/ -->\n<title>Guest Authors - Via Families<\/title>\n<meta name=\"robots\" content=\"index, follow, max-snippet:-1, max-image-preview:large, max-video-preview:-1\" \/>\n<link rel=\"canonical\" href=\"https:\/\/weavefamily.org\/pt\/guest-authors\/\" \/>\n<meta property=\"og:locale\" content=\"pt_BR\" \/>\n<meta property=\"og:type\" content=\"article\" \/>\n<meta property=\"og:title\" content=\"Guest Authors - Via Families\" \/>\n<meta property=\"og:description\" content=\"Les connaisseurs du secteur des jeux en ligne placent souvent ally spin en t\u00eate de leurs recommandations personnelles. Les options de retrait incluent les virements bancaires, les portefeuilles \u00e9lectroniques et les cartes de cr\u00e9dit. Les alertes personnalis\u00e9es pr\u00e9viennent les joueurs d\u00e8s qu&#8217;un jackpot atteint un montant particuli\u00e8rement \u00e9lev\u00e9. Les joueurs appr\u00e9cient la possibilit\u00e9 de tester [&hellip;]\" \/>\n<meta property=\"og:url\" content=\"https:\/\/weavefamily.org\/pt\/guest-authors\/\" \/>\n<meta property=\"og:site_name\" content=\"Via Families\" \/>\n<meta property=\"article:publisher\" content=\"https:\/\/www.facebook.com\/weavefamily\" \/>\n<meta property=\"article:modified_time\" content=\"2026-04-23T22:34:39+00:00\" \/>\n<meta name=\"twitter:card\" content=\"summary\" \/>\n<meta name=\"twitter:site\" content=\"@WeaveFamily\" \/>\n<script type=\"application\/ld+json\" class=\"yoast-schema-graph\">{\"@context\":\"https:\/\/schema.org\",\"@graph\":[{\"@type\":\"WebPage\",\"@id\":\"https:\/\/weavefamily.org\/guest-authors\/\",\"url\":\"https:\/\/weavefamily.org\/guest-authors\/\",\"name\":\"Guest Authors - Via Families\",\"isPartOf\":{\"@id\":\"https:\/\/weavefamily.org\/#website\"},\"datePublished\":\"2013-05-29T14:47:23+00:00\",\"dateModified\":\"2026-04-23T22:34:39+00:00\",\"breadcrumb\":{\"@id\":\"https:\/\/weavefamily.org\/guest-authors\/#breadcrumb\"},\"inLanguage\":\"pt-BR\",\"potentialAction\":[{\"@type\":\"ReadAction\",\"target\":[\"https:\/\/weavefamily.org\/guest-authors\/\"]}]},{\"@type\":\"BreadcrumbList\",\"@id\":\"https:\/\/weavefamily.org\/guest-authors\/#breadcrumb\",\"itemListElement\":[{\"@type\":\"ListItem\",\"position\":1,\"name\":\"Home\",\"item\":\"https:\/\/weavefamily.org\/\"},{\"@type\":\"ListItem\",\"position\":2,\"name\":\"Guest Authors\"}]},{\"@type\":\"WebSite\",\"@id\":\"https:\/\/weavefamily.org\/#website\",\"url\":\"https:\/\/weavefamily.org\/\",\"name\":\"Via Families\",\"description\":\"Connecting families to the global story of God.\",\"publisher\":{\"@id\":\"https:\/\/weavefamily.org\/#organization\"},\"potentialAction\":[{\"@type\":\"SearchAction\",\"target\":{\"@type\":\"EntryPoint\",\"urlTemplate\":\"https:\/\/weavefamily.org\/?s={search_term_string}\"},\"query-input\":\"required name=search_term_string\"}],\"inLanguage\":\"pt-BR\"},{\"@type\":\"Organization\",\"@id\":\"https:\/\/weavefamily.org\/#organization\",\"name\":\"Center for Mission Mobilization\",\"url\":\"https:\/\/weavefamily.org\/\",\"sameAs\":[\"https:\/\/instagram.com\/weavefamily\/\",\"https:\/\/www.pinterest.com\/weavefamily\/\",\"https:\/\/www.facebook.com\/weavefamily\",\"https:\/\/twitter.com\/WeaveFamily\"],\"logo\":{\"@type\":\"ImageObject\",\"inLanguage\":\"pt-BR\",\"@id\":\"https:\/\/weavefamily.org\/#\/schema\/logo\/image\/\",\"url\":\"https:\/\/weavefamily.org\/wp-content\/uploads\/2015\/08\/CMM-Logo_woTag-FullColor-Small.jpg\",\"contentUrl\":\"https:\/\/weavefamily.org\/wp-content\/uploads\/2015\/08\/CMM-Logo_woTag-FullColor-Small.jpg\",\"width\":300,\"height\":89,\"caption\":\"Center for Mission Mobilization\"},\"image\":{\"@id\":\"https:\/\/weavefamily.org\/#\/schema\/logo\/image\/\"}}]}<\/script>\n<!-- \/ Yoast SEO plugin. -->","yoast_head_json":{"title":"Guest Authors - Via Families","robots":{"index":"index","follow":"follow","max-snippet":"max-snippet:-1","max-image-preview":"max-image-preview:large","max-video-preview":"max-video-preview:-1"},"canonical":"https:\/\/weavefamily.org\/pt\/guest-authors\/","og_locale":"pt_BR","og_type":"article","og_title":"Guest Authors - Via Families","og_description":"Les connaisseurs du secteur des jeux en ligne placent souvent ally spin en t\u00eate de leurs recommandations personnelles. Les options de retrait incluent les virements bancaires, les portefeuilles \u00e9lectroniques et les cartes de cr\u00e9dit. Les alertes personnalis\u00e9es pr\u00e9viennent les joueurs d\u00e8s qu&#8217;un jackpot atteint un montant particuli\u00e8rement \u00e9lev\u00e9. Les joueurs appr\u00e9cient la possibilit\u00e9 de tester [&hellip;]","og_url":"https:\/\/weavefamily.org\/pt\/guest-authors\/","og_site_name":"Via Families","article_publisher":"https:\/\/www.facebook.com\/weavefamily","article_modified_time":"2026-04-23T22:34:39+00:00","twitter_card":"summary","twitter_site":"@WeaveFamily","schema":{"@context":"https:\/\/schema.org","@graph":[{"@type":"WebPage","@id":"https:\/\/weavefamily.org\/guest-authors\/","url":"https:\/\/weavefamily.org\/guest-authors\/","name":"Guest Authors - Via Families","isPartOf":{"@id":"https:\/\/weavefamily.org\/#website"},"datePublished":"2013-05-29T14:47:23+00:00","dateModified":"2026-04-23T22:34:39+00:00","breadcrumb":{"@id":"https:\/\/weavefamily.org\/guest-authors\/#breadcrumb"},"inLanguage":"pt-BR","potentialAction":[{"@type":"ReadAction","target":["https:\/\/weavefamily.org\/guest-authors\/"]}]},{"@type":"BreadcrumbList","@id":"https:\/\/weavefamily.org\/guest-authors\/#breadcrumb","itemListElement":[{"@type":"ListItem","position":1,"name":"Home","item":"https:\/\/weavefamily.org\/"},{"@type":"ListItem","position":2,"name":"Guest Authors"}]},{"@type":"WebSite","@id":"https:\/\/weavefamily.org\/#website","url":"https:\/\/weavefamily.org\/","name":"Via Families","description":"Connecting families to the global story of God.","publisher":{"@id":"https:\/\/weavefamily.org\/#organization"},"potentialAction":[{"@type":"SearchAction","target":{"@type":"EntryPoint","urlTemplate":"https:\/\/weavefamily.org\/?s={search_term_string}"},"query-input":"required name=search_term_string"}],"inLanguage":"pt-BR"},{"@type":"Organization","@id":"https:\/\/weavefamily.org\/#organization","name":"Center for Mission Mobilization","url":"https:\/\/weavefamily.org\/","sameAs":["https:\/\/instagram.com\/weavefamily\/","https:\/\/www.pinterest.com\/weavefamily\/","https:\/\/www.facebook.com\/weavefamily","https:\/\/twitter.com\/WeaveFamily"],"logo":{"@type":"ImageObject","inLanguage":"pt-BR","@id":"https:\/\/weavefamily.org\/#\/schema\/logo\/image\/","url":"https:\/\/weavefamily.org\/wp-content\/uploads\/2015\/08\/CMM-Logo_woTag-FullColor-Small.jpg","contentUrl":"https:\/\/weavefamily.org\/wp-content\/uploads\/2015\/08\/CMM-Logo_woTag-FullColor-Small.jpg","width":300,"height":89,"caption":"Center for Mission Mobilization"},"image":{"@id":"https:\/\/weavefamily.org\/#\/schema\/logo\/image\/"}}]}},"_links":{"self":[{"href":"https:\/\/weavefamily.org\/pt\/wp-json\/wp\/v2\/pages\/241","targetHints":{"allow":["GET"]}}],"collection":[{"href":"https:\/\/weavefamily.org\/pt\/wp-json\/wp\/v2\/pages"}],"about":[{"href":"https:\/\/weavefamily.org\/pt\/wp-json\/wp\/v2\/types\/page"}],"author":[{"embeddable":true,"href":"https:\/\/weavefamily.org\/pt\/wp-json\/wp\/v2\/users\/1"}],"replies":[{"embeddable":true,"href":"https:\/\/weavefamily.org\/pt\/wp-json\/wp\/v2\/comments?post=241"}],"version-history":[{"count":0,"href":"https:\/\/weavefamily.org\/pt\/wp-json\/wp\/v2\/pages\/241\/revisions"}],"wp:attachment":[{"href":"https:\/\/weavefamily.org\/pt\/wp-json\/wp\/v2\/media?parent=241"}],"curies":[{"name":"wp","href":"https:\/\/api.w.org\/{rel}","templated":true}]}}