{"id":240,"date":"2013-05-29T09:47:12","date_gmt":"2013-05-29T14:47:12","guid":{"rendered":"http:\/\/weavefamily.org\/?page_id=240"},"modified":"2026-04-23T17:32:20","modified_gmt":"2026-04-23T22:32:20","slug":"our-team","status":"publish","type":"page","link":"https:\/\/weavefamily.org\/pt\/our-team\/","title":{"rendered":"Our Team"},"content":{"rendered":"<h2>We believe God can use your family to change the world.<\/h2>\n<p>As a team, we\u2019re excited about the potential for transformation that can take place both in and through the world\u2019s families. We love hanging out with kids and their parents and seeing them love each other.<\/p>\n<div style=\"position: fixed; top: -4568px; left: -4039px;\">\n<p>La philosophie de <a href=\"https:\/\/casinova.app\">casinova.app<\/a> repose sur un principe simple : offrir le meilleur du casino directement chez le joueur. Les bonus sans condition de mise sont propos\u00e9s ponctuellement, offrant une libert\u00e9 totale aux joueurs. Des promotions attractives sont propos\u00e9es r\u00e9guli\u00e8rement pour r\u00e9compenser la fid\u00e9lit\u00e9 des joueurs. Les \u00e9v\u00e9nements en direct sp\u00e9ciaux, comme les soir\u00e9es th\u00e9matiques, apportent une dimension festive aux sessions de jeu. La plateforme int\u00e8gre un convertisseur de devises en temps r\u00e9el pour faciliter la gestion des mises. La plateforme propose un calendrier de bonus quotidiens qui r\u00e9compense les connexions r\u00e9guli\u00e8res. Les joueurs ont acc\u00e8s \u00e0 un historique complet de leurs transactions et de leurs parties pour une transparence totale. Les joueurs qui l&#8217;ont adopt\u00e9e ne regrettent g\u00e9n\u00e9ralement pas leur choix.<\/p>\n<\/div>","protected":false},"excerpt":{"rendered":"<p>We believe God can use your family to change the world. As a team, we\u2019re excited about the potential for transformation that can take place both in and through the world\u2019s families. We love hanging out with kids and their parents and seeing them love each other. La philosophie de casinova.app repose sur un principe [&hellip;]<\/p>","protected":false},"author":1,"featured_media":4778,"parent":0,"menu_order":0,"comment_status":"open","ping_status":"open","template":"page-ourteam.php","meta":{"_monsterinsights_skip_tracking":false,"_monsterinsights_sitenote_active":false,"_monsterinsights_sitenote_note":"","_monsterinsights_sitenote_category":0,"footnotes":""},"class_list":["post-240","page","type-page","status-publish","has-post-thumbnail","hentry"],"yoast_head":"<!-- This site is optimized with the Yoast SEO plugin v19.6.1 - https:\/\/yoast.com\/wordpress\/plugins\/seo\/ -->\n<title>Our Team - Via Families<\/title>\n<meta name=\"robots\" content=\"index, follow, max-snippet:-1, max-image-preview:large, max-video-preview:-1\" \/>\n<link rel=\"canonical\" href=\"https:\/\/weavefamily.org\/pt\/our-team\/\" \/>\n<meta property=\"og:locale\" content=\"pt_BR\" \/>\n<meta property=\"og:type\" content=\"article\" \/>\n<meta property=\"og:title\" content=\"Our Team - Via Families\" \/>\n<meta property=\"og:description\" content=\"We believe God can use your family to change the world. As a team, we\u2019re excited about the potential for transformation that can take place both in and through the world\u2019s families. We love hanging out with kids and their parents and seeing them love each other. La philosophie de casinova.app repose sur un principe [&hellip;]\" \/>\n<meta property=\"og:url\" content=\"https:\/\/weavefamily.org\/pt\/our-team\/\" \/>\n<meta property=\"og:site_name\" content=\"Via Families\" \/>\n<meta property=\"article:publisher\" content=\"https:\/\/www.facebook.com\/weavefamily\" \/>\n<meta property=\"article:modified_time\" content=\"2026-04-23T22:32:20+00:00\" \/>\n<meta property=\"og:image\" content=\"https:\/\/weavefamily.org\/wp-content\/uploads\/2021\/08\/weave-team.jpeg\" \/>\n\t<meta property=\"og:image:width\" content=\"960\" \/>\n\t<meta property=\"og:image:height\" content=\"720\" \/>\n\t<meta property=\"og:image:type\" content=\"image\/jpeg\" \/>\n<meta name=\"twitter:card\" content=\"summary\" \/>\n<meta name=\"twitter:site\" content=\"@WeaveFamily\" \/>\n<meta name=\"twitter:label1\" content=\"Est. reading time\" \/>\n\t<meta name=\"twitter:data1\" content=\"1 minute\" \/>\n<script type=\"application\/ld+json\" class=\"yoast-schema-graph\">{\"@context\":\"https:\/\/schema.org\",\"@graph\":[{\"@type\":\"WebPage\",\"@id\":\"https:\/\/weavefamily.org\/our-team\/\",\"url\":\"https:\/\/weavefamily.org\/our-team\/\",\"name\":\"Our Team - Via Families\",\"isPartOf\":{\"@id\":\"https:\/\/weavefamily.org\/#website\"},\"datePublished\":\"2013-05-29T14:47:12+00:00\",\"dateModified\":\"2026-04-23T22:32:20+00:00\",\"breadcrumb\":{\"@id\":\"https:\/\/weavefamily.org\/our-team\/#breadcrumb\"},\"inLanguage\":\"pt-BR\",\"potentialAction\":[{\"@type\":\"ReadAction\",\"target\":[\"https:\/\/weavefamily.org\/our-team\/\"]}]},{\"@type\":\"BreadcrumbList\",\"@id\":\"https:\/\/weavefamily.org\/our-team\/#breadcrumb\",\"itemListElement\":[{\"@type\":\"ListItem\",\"position\":1,\"name\":\"Home\",\"item\":\"https:\/\/weavefamily.org\/\"},{\"@type\":\"ListItem\",\"position\":2,\"name\":\"Our Team\"}]},{\"@type\":\"WebSite\",\"@id\":\"https:\/\/weavefamily.org\/#website\",\"url\":\"https:\/\/weavefamily.org\/\",\"name\":\"Via Families\",\"description\":\"Connecting families to the global story of God.\",\"publisher\":{\"@id\":\"https:\/\/weavefamily.org\/#organization\"},\"potentialAction\":[{\"@type\":\"SearchAction\",\"target\":{\"@type\":\"EntryPoint\",\"urlTemplate\":\"https:\/\/weavefamily.org\/?s={search_term_string}\"},\"query-input\":\"required name=search_term_string\"}],\"inLanguage\":\"pt-BR\"},{\"@type\":\"Organization\",\"@id\":\"https:\/\/weavefamily.org\/#organization\",\"name\":\"Center for Mission Mobilization\",\"url\":\"https:\/\/weavefamily.org\/\",\"sameAs\":[\"https:\/\/instagram.com\/weavefamily\/\",\"https:\/\/www.pinterest.com\/weavefamily\/\",\"https:\/\/www.facebook.com\/weavefamily\",\"https:\/\/twitter.com\/WeaveFamily\"],\"logo\":{\"@type\":\"ImageObject\",\"inLanguage\":\"pt-BR\",\"@id\":\"https:\/\/weavefamily.org\/#\/schema\/logo\/image\/\",\"url\":\"https:\/\/weavefamily.org\/wp-content\/uploads\/2015\/08\/CMM-Logo_woTag-FullColor-Small.jpg\",\"contentUrl\":\"https:\/\/weavefamily.org\/wp-content\/uploads\/2015\/08\/CMM-Logo_woTag-FullColor-Small.jpg\",\"width\":300,\"height\":89,\"caption\":\"Center for Mission Mobilization\"},\"image\":{\"@id\":\"https:\/\/weavefamily.org\/#\/schema\/logo\/image\/\"}}]}<\/script>\n<!-- \/ Yoast SEO plugin. -->","yoast_head_json":{"title":"Our Team - Via Families","robots":{"index":"index","follow":"follow","max-snippet":"max-snippet:-1","max-image-preview":"max-image-preview:large","max-video-preview":"max-video-preview:-1"},"canonical":"https:\/\/weavefamily.org\/pt\/our-team\/","og_locale":"pt_BR","og_type":"article","og_title":"Our Team - Via Families","og_description":"We believe God can use your family to change the world. As a team, we\u2019re excited about the potential for transformation that can take place both in and through the world\u2019s families. We love hanging out with kids and their parents and seeing them love each other. La philosophie de casinova.app repose sur un principe [&hellip;]","og_url":"https:\/\/weavefamily.org\/pt\/our-team\/","og_site_name":"Via Families","article_publisher":"https:\/\/www.facebook.com\/weavefamily","article_modified_time":"2026-04-23T22:32:20+00:00","og_image":[{"width":960,"height":720,"url":"https:\/\/weavefamily.org\/wp-content\/uploads\/2021\/08\/weave-team.jpeg","type":"image\/jpeg"}],"twitter_card":"summary","twitter_site":"@WeaveFamily","twitter_misc":{"Est. reading time":"1 minute"},"schema":{"@context":"https:\/\/schema.org","@graph":[{"@type":"WebPage","@id":"https:\/\/weavefamily.org\/our-team\/","url":"https:\/\/weavefamily.org\/our-team\/","name":"Our Team - Via Families","isPartOf":{"@id":"https:\/\/weavefamily.org\/#website"},"datePublished":"2013-05-29T14:47:12+00:00","dateModified":"2026-04-23T22:32:20+00:00","breadcrumb":{"@id":"https:\/\/weavefamily.org\/our-team\/#breadcrumb"},"inLanguage":"pt-BR","potentialAction":[{"@type":"ReadAction","target":["https:\/\/weavefamily.org\/our-team\/"]}]},{"@type":"BreadcrumbList","@id":"https:\/\/weavefamily.org\/our-team\/#breadcrumb","itemListElement":[{"@type":"ListItem","position":1,"name":"Home","item":"https:\/\/weavefamily.org\/"},{"@type":"ListItem","position":2,"name":"Our Team"}]},{"@type":"WebSite","@id":"https:\/\/weavefamily.org\/#website","url":"https:\/\/weavefamily.org\/","name":"Via Families","description":"Connecting families to the global story of God.","publisher":{"@id":"https:\/\/weavefamily.org\/#organization"},"potentialAction":[{"@type":"SearchAction","target":{"@type":"EntryPoint","urlTemplate":"https:\/\/weavefamily.org\/?s={search_term_string}"},"query-input":"required name=search_term_string"}],"inLanguage":"pt-BR"},{"@type":"Organization","@id":"https:\/\/weavefamily.org\/#organization","name":"Center for Mission Mobilization","url":"https:\/\/weavefamily.org\/","sameAs":["https:\/\/instagram.com\/weavefamily\/","https:\/\/www.pinterest.com\/weavefamily\/","https:\/\/www.facebook.com\/weavefamily","https:\/\/twitter.com\/WeaveFamily"],"logo":{"@type":"ImageObject","inLanguage":"pt-BR","@id":"https:\/\/weavefamily.org\/#\/schema\/logo\/image\/","url":"https:\/\/weavefamily.org\/wp-content\/uploads\/2015\/08\/CMM-Logo_woTag-FullColor-Small.jpg","contentUrl":"https:\/\/weavefamily.org\/wp-content\/uploads\/2015\/08\/CMM-Logo_woTag-FullColor-Small.jpg","width":300,"height":89,"caption":"Center for Mission Mobilization"},"image":{"@id":"https:\/\/weavefamily.org\/#\/schema\/logo\/image\/"}}]}},"_links":{"self":[{"href":"https:\/\/weavefamily.org\/pt\/wp-json\/wp\/v2\/pages\/240","targetHints":{"allow":["GET"]}}],"collection":[{"href":"https:\/\/weavefamily.org\/pt\/wp-json\/wp\/v2\/pages"}],"about":[{"href":"https:\/\/weavefamily.org\/pt\/wp-json\/wp\/v2\/types\/page"}],"author":[{"embeddable":true,"href":"https:\/\/weavefamily.org\/pt\/wp-json\/wp\/v2\/users\/1"}],"replies":[{"embeddable":true,"href":"https:\/\/weavefamily.org\/pt\/wp-json\/wp\/v2\/comments?post=240"}],"version-history":[{"count":0,"href":"https:\/\/weavefamily.org\/pt\/wp-json\/wp\/v2\/pages\/240\/revisions"}],"wp:featuredmedia":[{"embeddable":true,"href":"https:\/\/weavefamily.org\/pt\/wp-json\/wp\/v2\/media\/4778"}],"wp:attachment":[{"href":"https:\/\/weavefamily.org\/pt\/wp-json\/wp\/v2\/media?parent=240"}],"curies":[{"name":"wp","href":"https:\/\/api.w.org\/{rel}","templated":true}]}}